{"id":60926,"date":"2023-06-22T21:43:21","date_gmt":"2023-06-23T01:43:21","guid":{"rendered":"https:\/\/www.canadianmortgagetrends.com\/la-banque-du-canada\/"},"modified":"2025-01-08T15:14:23","modified_gmt":"2025-01-08T20:14:23","slug":"la-banque-du-canada","status":"publish","type":"page","link":"https:\/\/canadianmortgagetrends.thedev.ca\/fr\/la-banque-du-canada\/","title":{"rendered":"La Banque du Canada"},"content":{"rendered":"\n<p>La Banque du Canada joue un r\u00f4le crucial dans la vie financi\u00e8re des Canadiens. Que ce soit le taux d&#8217;int\u00e9r\u00eat de votre pr\u00eat hypoth\u00e9caire, les prix que vous voyez dans les magasins ou la s\u00e9curit\u00e9 de vos d\u00e9p\u00f4ts bancaires, la Banque du Canada est \u00e0 l&#8217;\u0153uvre pour maintenir l&#8217;\u00e9conomie canadienne en \u00e9quilibre et r\u00e9siliente. <\/p>\n\n<hr class=\"wp-block-separator has-alpha-channel-opacity\"\/>\n\n<div class=\"wp-block-rank-math-toc-block\" id=\"rank-math-toc\"><h2>Ce que vous devez savoir sur la Banque du Canada :<\/h2><nav><ul><li class=\"\"><a href=\"#the-bank-of-canadas-main-goals-inflation-and-financial-stability\">Principaux objectifs de la Banque du Canada : inflation et stabilit\u00e9 financi\u00e8re<\/a><\/li><li class=\"\"><a href=\"#how-the-bank-of-canadas-decisions-affect-you\">Comment les d\u00e9cisions de la Banque du Canada vous affectent<\/a><\/li><li class=\"\"><a href=\"#the-bank-of-canadas-role-and-responsibilities\">Stabiliser et sauvegarder le syst\u00e8me financier du Canada<\/a><ul><li class=\"\"><a href=\"#how-the-bank-of-canada-supports-the-economy-during-tough-times\">Comment la Banque du Canada soutient l&#8217;\u00e9conomie pendant les temps durs<\/a><\/li><\/ul><\/li><li class=\"\"><a href=\"#the-bank-of-canadas-2024-monetary-policy-meeting-schedule\">Calendrier des r\u00e9unions de politique mon\u00e9taire de la Banque du Canada pour 2025<\/a><\/li><li class=\"\"><a href=\"#the-bank-of-canada-in-action-a-historical-look\">La Banque du Canada en action \u2014 un regard historique<\/a><\/li><li class=\"\"><a href=\"#history-of-the-bank-of-canada-overnight-rate\">Chronologie du taux directeur de la Banque du Canada<\/a><\/li><li class=\"\"><a href=\"#bank-of-canada-fa-qs\">FAQ sur la Banque du Canada<\/a><\/li><\/ul><\/nav><\/div>\n\n<hr class=\"wp-block-separator has-alpha-channel-opacity\"\/>\n\n<h2 class=\"wp-block-heading\" id=\"the-bank-of-canadas-main-goals-inflation-and-financial-stability\">Principaux objectifs de la Banque du Canada : inflation et stabilit\u00e9 financi\u00e8re<\/h2>\n\n<p>La Banque du Canada se donne pour mission premi\u00e8re de contenir l&#8217;inflation autour de 2 % annuellement. La stabilit\u00e9 des prix qui en d\u00e9coule facilite la vie des Canadiens : ils peuvent ainsi mieux planifier leur avenir, acc\u00e9der \u00e0 la propri\u00e9t\u00e9 et pr\u00e9parer leur retraite. <\/p>\n\n<p>La Banque g\u00e8re l&#8217;inflation et favorise le bien-\u00eatre \u00e9conomique par son contr\u00f4le des taux d&#8217;int\u00e9r\u00eat. Lorsque l&#8217;inflation augmente trop rapidement, la Banque peut augmenter les taux d&#8217;int\u00e9r\u00eat pour freiner les d\u00e9penses et les emprunts. \u00c0 l&#8217;inverse, si l&#8217;\u00e9conomie ralentit, la Banque peut r\u00e9duire les taux pour encourager les emprunts et l&#8217;investissement, stimulant ainsi la croissance. Ce processus d\u00e9cisionnel est dirig\u00e9 par le Conseil de direction, qui comprend des experts \u00e9conomiques de haut niveau comme le gouverneur et les sous-gouverneurs.   <\/p>\n\n<figure class=\"wp-block-image\"><img decoding=\"async\" src=\"https:\/\/cdn.canadianmortgagetrends.thedev.ca\/wp-content\/uploads\/2023\/05\/Tiff-Macklem-at-Toronto-Region-Board-of-Trade.jpg\" alt=\"Tiff Macklem, gouverneur de la Banque du Canada, prenant la parole au Toronto Region Board of Trade\"\/><figcaption class=\"wp-element-caption\">Tiff Macklem, gouverneur de la Banque du Canada<br\/><em>Cole Burston\/Bloomberg via Getty Images<\/em><\/figcaption><\/figure>\n\n<h2 class=\"wp-block-heading\" id=\"how-the-bank-of-canadas-decisions-affect-you\">Comment les d\u00e9cisions de la Banque du Canada vous affectent<\/h2>\n\n<p>La Banque du Canada, en ajustant ses taux d&#8217;int\u00e9r\u00eat, influence la vie des Canadiens de multiples fa\u00e7ons :<\/p>\n\n<p><strong>Prix \u00e0 la consommation <\/strong>: En contr\u00f4lant l&#8217;inflation, la Banque aide \u00e0 stabiliser le co\u00fbt des biens quotidiens, des produits d&#8217;\u00e9picerie \u00e0 l&#8217;essence. Lorsque l&#8217;inflation est \u00e9lev\u00e9e, les mesures de la Banque visent \u00e0 pr\u00e9venir les fortes hausses de prix, aidant ainsi les revenus des consommateurs \u00e0 aller plus loin. <\/p>\n\n<p><strong>Taux hypoth\u00e9caires <\/strong>: Lorsque la Banque augmente son taux directeur, les taux hypoth\u00e9caires variables augmentent souvent, rendant les paiements mensuels plus \u00e9lev\u00e9s pour ceux qui ont des pr\u00eats hypoth\u00e9caires \u00e0 taux variable. Les taux fixes, influenc\u00e9s par les rendements obligataires, peuvent \u00e9galement augmenter avec les d\u00e9cisions de la Banque, affectant les personnes en qu\u00eate d&#8217;un nouveau pr\u00eat hypoth\u00e9caire.<br\/> <\/p>\n\n<p><strong>Taux des cartes de cr\u00e9dit et des pr\u00eats <\/strong>: De nombreux pr\u00eats personnels et commerciaux sont li\u00e9s aux taux de la Banque. Une hausse ou une baisse des taux affecte tout, des int\u00e9r\u00eats des cartes de cr\u00e9dit aux pr\u00eats personnels. <\/p>\n\n<h2 class=\"wp-block-heading\" id=\"the-bank-of-canadas-role-and-responsibilities\">Stabiliser et sauvegarder le syst\u00e8me financier du Canada<\/h2>\n\n<p>Au-del\u00e0 du contr\u00f4le de l&#8217;inflation, la Banque du Canada aide \u00e0 garantir que le syst\u00e8me financier du Canada demeure stable et r\u00e9silient. <\/p>\n\n<p>Cela implique d&#8217;\u00e9valuer les risques, de mener des \u00ab simulations de crise \u00bb pour les banques et de collaborer avec d&#8217;autres organismes de r\u00e9glementation comme le Bureau du surintendant des institutions financi\u00e8res (BSIF) pour se prot\u00e9ger contre les chocs \u00e9conomiques potentiels. En faisant cela, la Banque soutient un environnement bancaire s\u00e9curis\u00e9, ainsi les Canadiens peuvent avoir confiance que leurs institutions financi\u00e8res sont s\u00fbres.<br\/> <\/p>\n\n<h3 class=\"wp-block-heading\" id=\"how-the-bank-of-canada-supports-the-economy-during-tough-times\">Comment la Banque du Canada soutient l&#8217;\u00e9conomie pendant les temps durs<\/h3>\n\n<p>Pendant les crises financi\u00e8res, comme celle de 2008 ou la pand\u00e9mie de COVID-19, la Banque du Canada a rapidement abaiss\u00e9 les taux d&#8217;int\u00e9r\u00eat pour all\u00e9ger les pressions financi\u00e8res sur les Canadiens. La baisse des taux durant ces p\u00e9riodes encourage les entreprises et les particuliers \u00e0 d\u00e9penser et \u00e0 investir, aidant l&#8217;\u00e9conomie \u00e0 se r\u00e9tablir plus rapidement. <\/p>\n\n<p>La Banque, en temps de crise, soutient les institutions financi\u00e8res en liquidit\u00e9s. Elle assure ainsi que les banques disposent des fonds n\u00e9cessaires pour pr\u00eater aux m\u00e9nages et aux entreprises, \u00e9vitant une paralysie du cr\u00e9dit qui pourrait aggraver un ralentissement \u00e9conomique. <\/p>\n\n<hr class=\"wp-block-separator has-alpha-channel-opacity\"\/>\n\n<h2 class=\"wp-block-heading\" id=\"the-bank-of-canadas-2024-monetary-policy-meeting-schedule\">Calendrier des r\u00e9unions de politique mon\u00e9taire de la Banque du Canada pour 2025<\/h2>\n\n<ul class=\"wp-block-list\">\n<li>Mercredi 29 janvier <em>(avec rapport sur la politique mon\u00e9taire)<\/em><\/li>\n\n\n\n<li>Mercredi 12 mars<\/li>\n\n\n\n<li>Mercredi 16 avril <em>(avec RPM)<\/em><\/li>\n\n\n\n<li>Mercredi 4 juin<\/li>\n\n\n\n<li>Mercredi 30 juillet <em>(avec RPM)<\/em><\/li>\n\n\n\n<li>Mercredi 17 septembre<\/li>\n\n\n\n<li>Mercredi 29 octobre <em>(avec RPM)<\/em><\/li>\n\n\n\n<li>Mercredi 10 d\u00e9cembre<\/li>\n<\/ul>\n\n<hr class=\"wp-block-separator has-alpha-channel-opacity\"\/>\n\n<h2 class=\"wp-block-heading\" id=\"the-bank-of-canada-in-action-a-historical-look\">La Banque du Canada en action \u2014 un regard historique<\/h2>\n\n<p>La Banque du Canada ajuste depuis longtemps son taux directeur pour piloter l&#8217;\u00e9conomie nationale. Un survol s&#8217;impose des principales modifications apport\u00e9es \u00e0 ce taux au fil du temps : <\/p>\n\n<ol class=\"wp-block-list\">\n<li><strong>Premi\u00e8res ann\u00e9es (1930-1950) :<\/strong> Pendant la Grande D\u00e9pression des ann\u00e9es 1930, la Banque du Canada a \u00e9t\u00e9 \u00e9tablie pour stabiliser l&#8217;\u00e9conomie. En 1935, elle a introduit le taux au jour le jour comme outil de politique mon\u00e9taire. Pendant toute cette p\u00e9riode, la Banque a utilis\u00e9 les changements de taux pour soutenir la reprise \u00e9conomique et maintenir la stabilit\u00e9 des prix.  <\/li>\n\n\n\n<li><strong>Contr\u00f4le de l&#8217;inflation (ann\u00e9es 1960-1980) :<\/strong> Dans les ann\u00e9es 1960 et 1970, le Canada a fait face \u00e0 des taux d&#8217;inflation \u00e9lev\u00e9s. Pour combattre l&#8217;inflation, la Banque du Canada a mis en \u0153uvre des politiques mon\u00e9taires plus strictes, augmentant significativement le taux au jour le jour. En 1981, le taux au jour le jour a atteint un sommet de 21 % alors que la Banque resserrait agressivement sa politique pour freiner les pressions inflationnistes.  <\/li>\n\n\n\n<li><strong>R\u00e9duction de l&#8217;inflation (ann\u00e9es 1990) :<\/strong> Au d\u00e9but des ann\u00e9es 1990, la Banque du Canada a r\u00e9orient\u00e9 ses efforts vers la r\u00e9duction de l&#8217;inflation \u00e0 des niveaux plus g\u00e9rables. Elle a progressivement abaiss\u00e9 le taux au jour le jour, atteignant un plancher de 0,75 % en 1994. Les efforts de la Banque ont contribu\u00e9 \u00e0 ma\u00eetriser l&#8217;inflation et \u00e0 stabiliser l&#8217;\u00e9conomie.  <\/li>\n\n\n\n<li><strong>Crise financi\u00e8re et stimulus (ann\u00e9es 2000) :<\/strong> En r\u00e9ponse \u00e0 la crise financi\u00e8re mondiale de 2008, la Banque du Canada a r\u00e9duit dramatiquement le taux directeur pour stimuler l&#8217;\u00e9conomie. Le taux a \u00e9t\u00e9 abaiss\u00e9 de 4,50 % au d\u00e9but de 2008 \u00e0 un niveau historiquement bas de 0,25 % en 2009. Les taux bas visaient \u00e0 encourager l&#8217;emprunt et les d\u00e9penses pour soutenir la reprise \u00e9conomique.  <\/li>\n\n\n\n<li><strong>Normalisation post-crise (ann\u00e9es 2010) :<\/strong> Alors que l&#8217;\u00e9conomie commen\u00e7ait \u00e0 se r\u00e9tablir, la Banque du Canada a progressivement relev\u00e9 le taux directeur vers des niveaux plus normaux. De 2010 \u00e0 2017, le taux a augment\u00e9 en plusieurs \u00e9tapes, atteignant un sommet de 1,75 % en 2018. La Banque visait \u00e0 \u00e9quilibrer la croissance \u00e9conomique avec les pr\u00e9occupations inflationnistes durant cette p\u00e9riode.  <\/li>\n\n\n\n<li><strong>Ajustements r\u00e9cents des taux (ann\u00e9es 2020) :<\/strong> En r\u00e9ponse \u00e0 la pand\u00e9mie de COVID-19, la Banque du Canada a une fois de plus proc\u00e9d\u00e9 \u00e0 des ajustements significatifs des taux. Lorsque la pand\u00e9mie a frapp\u00e9, la Banque a rapidement r\u00e9duit le taux directeur de 1,75 % au d\u00e9but de 2020 \u00e0 un plancher de 0,25 % pour soutenir l&#8217;\u00e9conomie. Au fur et \u00e0 mesure que la reprise progressait, la Banque a commenc\u00e9 \u00e0 augmenter graduellement les taux, atteignant 1,75 % en 2022 avant les hausses r\u00e9centes.  <\/li>\n<\/ol>\n\n<hr class=\"wp-block-separator has-alpha-channel-opacity\"\/>\n\n<h2 class=\"wp-block-heading\" id=\"history-of-the-bank-of-canada-overnight-rate\">Chronologie du taux directeur de la Banque du Canada<\/h2>\n\n<figure class=\"wp-block-table\"><table class=\"has-fixed-layout\"><thead><tr><th>Ann\u00e9e<\/th><th>Taux au jour le jour (%)<\/th><\/tr><\/thead><tbody><tr><td>2000<\/td><td>5.50%<\/td><\/tr><tr><td>2001<\/td><td>4.75%<\/td><\/tr><tr><td>2002<\/td><td>2.75%<\/td><\/tr><tr><td>2003<\/td><td>2.25%<\/td><\/tr><tr><td>2004<\/td><td>2.50%<\/td><\/tr><tr><td>2005<\/td><td>3.00%<\/td><\/tr><tr><td>2006<\/td><td>4.25%<\/td><\/tr><tr><td>2007<\/td><td>4.25%<\/td><\/tr><tr><td>2008<\/td><td>3.00%<\/td><\/tr><tr><td>2009<\/td><td>0.25%<\/td><\/tr><tr><td>2010<\/td><td>1.00%<\/td><\/tr><tr><td>2011<\/td><td>1.00%<\/td><\/tr><tr><td>2012<\/td><td>1.00%<\/td><\/tr><tr><td>2013<\/td><td>1.00%<\/td><\/tr><tr><td>2014<\/td><td>1.00%<\/td><\/tr><tr><td>2015<\/td><td>0.50%<\/td><\/tr><tr><td>2016<\/td><td>0.50%<\/td><\/tr><tr><td>2017<\/td><td>1.00%<\/td><\/tr><tr><td>2018<\/td><td>1.75%<\/td><\/tr><tr><td>2019<\/td><td>1.75%<\/td><\/tr><tr><td>2020<\/td><td>0.25%<\/td><\/tr><tr><td>2021<\/td><td>0.25%<\/td><\/tr><tr><td>2022<\/td><td>1.75%<\/td><\/tr><tr><td>2023<\/td><td>5.00%<\/td><\/tr><tr><td>2024<\/td><td>3.25%<\/td><\/tr><\/tbody><\/table><\/figure>\n\n<p>Veuillez noter que le tableau inclut uniquement les variations du taux directeur et non les dates exactes ou le nombre d&#8217;ajustements de taux effectu\u00e9s au cours de chaque ann\u00e9e. Les taux sont pr\u00e9sent\u00e9s en pourcentage. Le taux cible du financement \u00e0 un jour actuel peut \u00eatre consult\u00e9 sur le <a href=\"https:\/\/www.bankofcanada.ca\/core-functions\/monetary-policy\/key-interest-rate\/\" target=\"_blank\" rel=\"noreferrer noopener\">site web de la Banque du Canada<\/a>.  <\/p>\n\n<hr class=\"wp-block-separator has-alpha-channel-opacity\"\/>\n\n<h2 class=\"wp-block-heading\" id=\"bank-of-canada-fa-qs\">FAQ sur la Banque du Canada<\/h2>\n\n<ul class=\"wp-block-list\">\n<li><strong>Quelle est la mission premi\u00e8re de la Banque du Canada<\/strong><br\/>La Banque du Canada s&#8217;efforce de contenir l&#8217;inflation dans des limites stables et mod\u00e9r\u00e9es. Son action garantit la vitalit\u00e9 \u00e9conomique et renforce la solidit\u00e9 du syst\u00e8me financier.<br\/><br\/><\/li>\n\n\n\n<li><strong>Comment la Banque du Canada contr\u00f4le-t-elle l&#8217;inflation ?<\/strong><br\/>La Banque ma\u00eetrise l&#8217;inflation gr\u00e2ce aux leviers mon\u00e9taires et aux taux d&#8217;int\u00e9r\u00eat qui r\u00e9gulent emprunts et d\u00e9penses. La Banque accompagne aussi le gouvernement dans ses op\u00e9rations financi\u00e8res et analyse l&#8217;\u00e9volution \u00e9conomique. <br\/><br\/><\/li>\n\n\n\n<li><strong>Qui d\u00e9tient le pouvoir de modifier les taux d&#8217;int\u00e9r\u00eat ?<\/strong><br\/>Le Conseil de direction de la Banque d\u00e9cide des taux d&#8217;int\u00e9r\u00eat. Ce conseil rassemble le gouverneur, le premier sous-gouverneur et quatre sous-gouverneurs. Ses membres tiennent chaque ann\u00e9e huit r\u00e9unions pour analyser la conjoncture \u00e9conomique. <br\/><br\/><\/li>\n\n\n\n<li><strong>Comment la Banque du Canada influence-t-elle les taux d&#8217;int\u00e9r\u00eat ?<\/strong><br\/>La Banque contr\u00f4le le taux au jour le jour, qui influence les taux auxquels les institutions financi\u00e8res se pr\u00eatent entre elles. Les changements de ce taux se r\u00e9percutent dans l&#8217;\u00e9conomie, affectant les co\u00fbts d&#8217;emprunt. <br\/><br\/><\/li>\n\n\n\n<li><strong>Quel r\u00f4le la Banque du Canada assume-t-elle au sein du syst\u00e8me financier ?<\/strong><br\/>La Banque remplit trois fonctions essentielles : elle g\u00e8re les finances gouvernementales, contr\u00f4le les syst\u00e8mes de paiement et veille \u00e0 la stabilit\u00e9 financi\u00e8re. Le BSIF assume quant \u00e0 lui la surveillance des banques individuelles. <br\/><br\/><\/li>\n\n\n\n<li><strong>La Banque du Canada r\u00e9glemente-t-elle les banques?<\/strong><br\/>Bien qu&#8217;elle contribue \u00e0 assurer la stabilit\u00e9 de l&#8217;ensemble du syst\u00e8me, la Banque du Canada laisse la r\u00e9glementation directe des banques au BSIF et aux commissions provinciales des valeurs mobili\u00e8res.<br\/><br\/><\/li>\n\n\n\n<li><strong>Les particuliers et les entreprises peuvent-ils emprunter \u00e0 la Banque du Canada ?<\/strong><br\/>Non, l\u2019acc\u00e8s direct aux emprunts est impossible pour les particuliers et les entreprises. La Banque r\u00e9serve ses financements aux institutions financi\u00e8res uniquement. <\/li>\n<\/ul>\n","protected":false},"excerpt":{"rendered":"<div class=\"tmnf_excerpt meta_deko\"><p>La Banque du Canada joue un r\u00f4le crucial dans la vie financi\u00e8re des Canadiens. Que ce soit le taux d&#8217;int\u00e9r\u00eat de votre pr\u00eat hypoth\u00e9caire, les prix que vous voyez dans les magasins ou la s\u00e9curit\u00e9 de vos d\u00e9p\u00f4ts bancaires, la Banque du Canada est \u00e0 l&#8217;\u0153uvre pour maintenir l&#8217;\u00e9conomie canadienne en \u00e9quilibre et r\u00e9siliente. Principaux &hellip;<\/p>\n<\/div>","protected":false},"author":3,"featured_media":40861,"parent":0,"menu_order":0,"comment_status":"closed","ping_status":"closed","template":"elementor_theme","meta":{"_acf_changed":false,"_eb_attr":"","footnotes":""},"class_list":["post-60926","page","type-page","status-publish","has-post-thumbnail","hentry"],"acf":[],"_links":{"self":[{"href":"https:\/\/canadianmortgagetrends.thedev.ca\/fr\/wp-json\/wp\/v2\/pages\/60926","targetHints":{"allow":["GET"]}}],"collection":[{"href":"https:\/\/canadianmortgagetrends.thedev.ca\/fr\/wp-json\/wp\/v2\/pages"}],"about":[{"href":"https:\/\/canadianmortgagetrends.thedev.ca\/fr\/wp-json\/wp\/v2\/types\/page"}],"author":[{"embeddable":true,"href":"https:\/\/canadianmortgagetrends.thedev.ca\/fr\/wp-json\/wp\/v2\/users\/3"}],"replies":[{"embeddable":true,"href":"https:\/\/canadianmortgagetrends.thedev.ca\/fr\/wp-json\/wp\/v2\/comments?post=60926"}],"version-history":[{"count":12,"href":"https:\/\/canadianmortgagetrends.thedev.ca\/fr\/wp-json\/wp\/v2\/pages\/60926\/revisions"}],"predecessor-version":[{"id":60939,"href":"https:\/\/canadianmortgagetrends.thedev.ca\/fr\/wp-json\/wp\/v2\/pages\/60926\/revisions\/60939"}],"wp:featuredmedia":[{"embeddable":true,"href":"https:\/\/canadianmortgagetrends.thedev.ca\/fr\/wp-json\/wp\/v2\/media\/40861"}],"wp:attachment":[{"href":"https:\/\/canadianmortgagetrends.thedev.ca\/fr\/wp-json\/wp\/v2\/media?parent=60926"}],"curies":[{"name":"wp","href":"https:\/\/api.w.org\/{rel}","templated":true}]}}